{"id":13,"date":"2020-10-31T18:13:51","date_gmt":"2020-10-31T17:13:51","guid":{"rendered":"http:\/\/intersignal.cz\/pl\/?page_id=13"},"modified":"2026-02-13T15:28:13","modified_gmt":"2026-02-13T14:28:13","slug":"kontakty","status":"publish","type":"page","link":"https:\/\/intersignal.cz\/pl\/kontakty\/","title":{"rendered":"Kontakty"},"content":{"rendered":"<div id='pages'  class='avia-fullwidth-slider main_color avia-shadow   avia-builder-el-0  el_before_av_one_fourth  avia-builder-el-first   container_wrap fullsize' style=' '  ><div   data-size='featured'  data-lightbox_size='large'  data-animation='slide'  data-conditional_play=''  data-ids='315'  data-video_counter='0'  data-autoplay='false'  data-bg_slider='false'  data-slide_height=''  data-handle='av_slideshow_full'  data-interval='5'  data-class=' '  data-el_id=''  data-css_id=''  data-scroll_down=''  data-control_layout='av-control-default'  data-custom_markup=''  data-perma_caption=''  data-autoplay_stopper=''  data-image_attachment=''  data-min_height='300px'  data-lazy_loading='disabled'  data-src=''  data-position='top left'  data-repeat='no-repeat'  data-attach='scroll'  data-stretch=''  data-default-height='28.666666666667'  class='avia-slideshow avia-slideshow-1  av-control-default av-default-height-applied avia-slideshow-featured av_slideshow_full   avia-slide-slider '  itemprop=\"image\" itemscope=\"itemscope\" itemtype=\"https:\/\/schema.org\/ImageObject\" ><ul class='avia-slideshow-inner ' style='padding-bottom: 28.666666666667%;' ><li  class=' av-single-slide slide-1 ' ><div data-rel='slideshow-1' class='avia-slide-wrap '   ><div class = \"caption_fullwidth av-slideshow-caption caption_bottom\"><div class = \"container caption_container\"><div class = \"slideshow_caption\"><div class = \"slideshow_inner_caption\"><div class = \"slideshow_align_caption\"><h2  class='avia-caption-title  '  itemprop=\"name\" >Kontakty<\/h2><div class='avia-caption-content  '  itemprop=\"description\"  ><p>Je\u015bli potrzebujesz porady, skontaktuj si\u0119 z nami<\/p>\n<\/div><\/div><\/div><\/div><\/div><\/div><img decoding=\"async\" class=\"wp-image-315 avia-img-lazy-loading-not-315\"  src=\"https:\/\/intersignal.cz\/pl\/wp-content\/uploads\/sites\/4\/2020\/11\/kontakt-1500x430.jpg\" width=\"1500\" height=\"430\" title='kontakt' alt=''  itemprop=\"thumbnailUrl\"  style='min-height:300px; min-width:1047px; ' \/><\/div><\/li><\/ul><\/div><\/div><div id='after_full_slider_1'  class='main_color av_default_container_wrap container_wrap fullsize' style=' '  ><div class='container' ><div class='template-page content  av-content-full alpha units'><div class='post-entry post-entry-type-page post-entry-13'><div class='entry-content-wrapper clearfix'>\n<div class=\"flex_column av_one_fourth  flex_column_div av-zero-column-padding first  avia-builder-el-1  el_after_av_slideshow_full  el_before_av_one_fourth  avia-builder-el-first  \" style='border-radius:0px; '><section class=\"av_textblock_section \"  itemscope=\"itemscope\" itemtype=\"https:\/\/schema.org\/CreativeWork\" ><div class='avia_textblock  '   itemprop=\"text\" ><p><strong>Siedziba sp\u00f3\u0142ki<\/strong><br \/>\n<a class=\"contact address\" href=\"https:\/\/maps.app.goo.gl\/Gu3nSksvhueRe8ZP8\" target=\"blank\" data-av_icon=\"\ue842\" data-av_iconfont=\"entypo-fontello\" rel=\"noopener\">D\u011blnick\u00e1 1394\/51a<br \/>\n735 64 Hav\u00ed\u0159ov &#8211; Prost\u0159edn\u00ed Such\u00e1<br \/>\nRepublika Czeska<\/a><\/p>\n<p><a class=\"contact\" href=\"tel:420-602-742-581\" data-av_icon=\"\ue854\" data-av_iconfont=\"entypo-fontello\">+420 602 742 581<\/a><br \/>\n<a class=\"contact\" href=\"mailto:info@intersignal.cz\" data-av_icon=\"\ue805\" data-av_iconfont=\"entypo-fontello\">info@intersignal.cz<\/a><\/p>\n<\/div><\/section><\/div><div class=\"flex_column av_one_fourth  flex_column_div av-zero-column-padding   avia-builder-el-3  el_after_av_one_fourth  el_before_av_hr  \" style='border-radius:0px; '><section class=\"av_textblock_section \"  itemscope=\"itemscope\" itemtype=\"https:\/\/schema.org\/CreativeWork\" ><div class='avia_textblock  '   itemprop=\"text\" ><p><strong>Zaplecze projektowe i produkcyjne<\/strong><br \/>\n<a class=\"contact address\" href=\"https:\/\/maps.app.goo.gl\/Gu3nSksvhueRe8ZP8\" target=\"blank\" data-av_icon=\"\ue842\" data-av_iconfont=\"entypo-fontello\" rel=\"noopener\">D\u011blnick\u00e1 1394\/51a<br \/>\n735 64 Hav\u00ed\u0159ov &#8211; Prost\u0159edn\u00ed Such\u00e1<br \/>\nRepublika Czeska<\/a><\/p>\n<p><a class=\"contact\" href=\"tel:420-601-106-260\" data-av_icon=\"\ue854\" data-av_iconfont=\"entypo-fontello\">+420 601 106 260<\/a><br \/>\n<a class=\"contact\" href=\"mailto:info@intersignal.cz\" data-av_icon=\"\ue805\" data-av_iconfont=\"entypo-fontello\">info@intersignal.cz<\/a><\/p>\n<\/div><\/section><\/div><div  style='height:50px' class='hr hr-invisible   avia-builder-el-5  el_after_av_one_fourth  el_before_av_heading '><span class='hr-inner ' ><span class='hr-inner-style'><\/span><\/span><\/div><\/p>\n<div  style='padding-bottom:10px; ' class='av-special-heading av-special-heading-h3  blockquote modern-quote  avia-builder-el-6  el_after_av_hr  el_before_av_hr  '><h3 class='av-special-heading-tag '  itemprop=\"headline\"  >Kontaktn\u00ed osoby:<\/h3><div class='special-heading-border'><div class='special-heading-inner-border' ><\/div><\/div><\/div>\n<div  style='height:50px' class='hr hr-invisible   avia-builder-el-7  el_after_av_heading  el_before_av_one_fourth '><span class='hr-inner ' ><span class='hr-inner-style'><\/span><\/span><\/div>\n<div class=\"flex_column av_one_fourth  flex_column_div av-zero-column-padding first  avia-builder-el-8  el_after_av_hr  el_before_av_one_fourth  \" style='border-radius:0px; '><section class=\"av_textblock_section \"  itemscope=\"itemscope\" itemtype=\"https:\/\/schema.org\/CreativeWork\" ><div class='avia_textblock  '   itemprop=\"text\" ><div class=\"person\" aria-hidden=\"true\" data-av_icon=\"\ue80a\" data-av_iconfont=\"entypo-fontello\"><strong>Ing. Michal \u0160lachta<br \/>\n<\/strong>pe\u0142nomocnik, dyrektor sp\u00f3\u0142ki<\/div>\n<p><a class=\"contact\" href=\"tel:+420602742581\" data-av_icon=\"\ue854\" data-av_iconfont=\"entypo-fontello\">+420 602 742 581<\/a><br \/>\n<a class=\"contact\" href=\"mailto:slachta@intersignal.cz\" data-av_icon=\"\ue805\" data-av_iconfont=\"entypo-fontello\">slachta@intersignal.cz<\/a><\/p>\n<\/div><\/section><\/div>\n<div class=\"flex_column av_one_fourth  flex_column_div av-zero-column-padding   avia-builder-el-10  el_after_av_one_fourth  el_before_av_one_fourth  \" style='border-radius:0px; '><section class=\"av_textblock_section \"  itemscope=\"itemscope\" itemtype=\"https:\/\/schema.org\/CreativeWork\" ><div class='avia_textblock  '   itemprop=\"text\" ><div class=\"person\" aria-hidden=\"true\" data-av_icon=\"\ue80a\" data-av_iconfont=\"entypo-fontello\"><strong>Ing. Maro\u0161 Kuman\u010d\u00edk<br \/>\n<\/strong>pe\u0142nomocnik, dyrektor strategiczny<\/div>\n<p><a class=\"contact\" href=\"tel:+420602713374\" data-av_icon=\"\ue854\" data-av_iconfont=\"entypo-fontello\">+421 910 673 298<\/a><br \/>\n<a class=\"contact\" href=\"mailto:kumancik@intersignal.cz\" data-av_icon=\"\ue805\" data-av_iconfont=\"entypo-fontello\">kumancik@intersignal.cz<\/a><\/p>\n<\/div><\/section><\/div>\n<div class=\"flex_column av_one_fourth  flex_column_div av-zero-column-padding   avia-builder-el-12  el_after_av_one_fourth  avia-builder-el-last  \" style='border-radius:0px; '><section class=\"av_textblock_section \"  itemscope=\"itemscope\" itemtype=\"https:\/\/schema.org\/CreativeWork\" ><div class='avia_textblock  '   itemprop=\"text\" ><div class=\"person\" aria-hidden=\"true\" data-av_icon=\"\ue80a\" data-av_iconfont=\"entypo-fontello\"><strong> Ing. Stanislav Z\u00e1\u0159eck\u00fd<br \/>\n<\/strong>dyrektor techniczny \/ kierownik rozwoju<\/div>\n<p><a class=\"contact\" href=\"tel:+420602713374\" data-av_icon=\"\ue854\" data-av_iconfont=\"entypo-fontello\">+420 736 709 260<\/a><br \/>\n<a class=\"contact\" href=\"mailto:zarecky@intersignal.cz\" data-av_icon=\"\ue805\" data-av_iconfont=\"entypo-fontello\">zarecky@intersignal.cz<\/a><\/p>\n<\/div><\/section><\/div>\n","protected":false},"excerpt":{"rendered":"","protected":false},"author":1,"featured_media":0,"parent":0,"menu_order":0,"comment_status":"closed","ping_status":"closed","template":"","meta":{"footnotes":""},"class_list":["post-13","page","type-page","status-publish","hentry"],"_links":{"self":[{"href":"https:\/\/intersignal.cz\/pl\/wp-json\/wp\/v2\/pages\/13","targetHints":{"allow":["GET"]}}],"collection":[{"href":"https:\/\/intersignal.cz\/pl\/wp-json\/wp\/v2\/pages"}],"about":[{"href":"https:\/\/intersignal.cz\/pl\/wp-json\/wp\/v2\/types\/page"}],"author":[{"embeddable":true,"href":"https:\/\/intersignal.cz\/pl\/wp-json\/wp\/v2\/users\/1"}],"replies":[{"embeddable":true,"href":"https:\/\/intersignal.cz\/pl\/wp-json\/wp\/v2\/comments?post=13"}],"version-history":[{"count":24,"href":"https:\/\/intersignal.cz\/pl\/wp-json\/wp\/v2\/pages\/13\/revisions"}],"predecessor-version":[{"id":471,"href":"https:\/\/intersignal.cz\/pl\/wp-json\/wp\/v2\/pages\/13\/revisions\/471"}],"wp:attachment":[{"href":"https:\/\/intersignal.cz\/pl\/wp-json\/wp\/v2\/media?parent=13"}],"curies":[{"name":"wp","href":"https:\/\/api.w.org\/{rel}","templated":true}]}}