{"id":7,"date":"2020-10-31T18:08:55","date_gmt":"2020-10-31T17:08:55","guid":{"rendered":"http:\/\/intersignal.cz\/pl\/?page_id=7"},"modified":"2021-03-24T19:35:08","modified_gmt":"2021-03-24T18:35:08","slug":"o-nas","status":"publish","type":"page","link":"https:\/\/intersignal.cz\/pl\/o-nas\/","title":{"rendered":"O nas"},"content":{"rendered":"<div id='pages'  class='avia-fullwidth-slider main_color avia-shadow   avia-builder-el-0  el_before_av_one_third  avia-builder-el-first   container_wrap fullsize' style=' '  ><div   data-size='featured'  data-lightbox_size='large'  data-animation='slide'  data-conditional_play=''  data-ids='121'  data-video_counter='0'  data-autoplay='false'  data-bg_slider='false'  data-slide_height=''  data-handle='av_slideshow_full'  data-interval='5'  data-class=' '  data-el_id=''  data-css_id=''  data-scroll_down=''  data-control_layout='av-control-default'  data-custom_markup=''  data-perma_caption=''  data-autoplay_stopper=''  data-image_attachment=''  data-min_height='300px'  data-lazy_loading='disabled'  data-src=''  data-position='top left'  data-repeat='no-repeat'  data-attach='scroll'  data-stretch=''  data-default-height='28.666666666667'  class='avia-slideshow avia-slideshow-1  av-control-default av-default-height-applied avia-slideshow-featured av_slideshow_full   avia-slide-slider '  itemprop=\"image\" itemscope=\"itemscope\" itemtype=\"https:\/\/schema.org\/ImageObject\" ><ul class='avia-slideshow-inner ' style='padding-bottom: 28.666666666667%;' ><li  class=' av-single-slide slide-1 ' ><div data-rel='slideshow-1' class='avia-slide-wrap '   ><div class = \"caption_fullwidth av-slideshow-caption caption_bottom\"><div class = \"container caption_container\"><div class = \"slideshow_caption\"><div class = \"slideshow_inner_caption\"><div class = \"slideshow_align_caption\"><h2  class='avia-caption-title  '  itemprop=\"name\" >O nas<\/h2><div class='avia-caption-content  '  itemprop=\"description\"  ><p>\u0141\u0105czymy tradycj\u0119 z innowacj\u0105<\/p>\n<\/div><\/div><\/div><\/div><\/div><\/div><img decoding=\"async\" class=\"wp-image-121 avia-img-lazy-loading-not-121\"  src=\"https:\/\/intersignal.cz\/pl\/wp-content\/uploads\/sites\/4\/2020\/11\/shutterstock_1817484362-1500x430.png\" width=\"1500\" height=\"430\" title='shutterstock_1817484362' alt=''  itemprop=\"thumbnailUrl\"  style='min-height:300px; min-width:1047px; ' \/><\/div><\/li><\/ul><\/div><\/div><div id='after_full_slider_1'  class='main_color av_default_container_wrap container_wrap fullsize' style=' '  ><div class='container' ><div class='template-page content  av-content-full alpha units'><div class='post-entry post-entry-type-page post-entry-7'><div class='entry-content-wrapper clearfix'>\n<div class=\"flex_column av_one_third  av-animated-generic pop-up  flex_column_div av-zero-column-padding first  avia-builder-el-1  el_after_av_slideshow_full  el_before_av_two_third  avia-builder-el-first  \" style='border-radius:0px; '><div  class='avia-image-container  av-styling-    avia-builder-el-2  avia-builder-el-no-sibling  avia-align-center '  itemprop=\"image\" itemscope=\"itemscope\" itemtype=\"https:\/\/schema.org\/ImageObject\"  ><div class='avia-image-container-inner'><div class='avia-image-overlay-wrap'><img decoding=\"async\" class='wp-image-28 avia-img-lazy-loading-not-28 avia_image' src=\"https:\/\/intersignal.cz\/pl\/wp-content\/uploads\/sites\/4\/2020\/11\/logo-pdf.png\" alt='' title='logo-pdf' height=\"263\" width=\"987\"  itemprop=\"thumbnailUrl\" srcset=\"https:\/\/intersignal.cz\/pl\/wp-content\/uploads\/sites\/4\/2020\/11\/logo-pdf.png 987w, https:\/\/intersignal.cz\/pl\/wp-content\/uploads\/sites\/4\/2020\/11\/logo-pdf-300x80.png 300w, https:\/\/intersignal.cz\/pl\/wp-content\/uploads\/sites\/4\/2020\/11\/logo-pdf-768x205.png 768w, https:\/\/intersignal.cz\/pl\/wp-content\/uploads\/sites\/4\/2020\/11\/logo-pdf-705x188.png 705w\" sizes=\"(max-width: 987px) 100vw, 987px\" \/><\/div><\/div><\/div><\/div>\n<div class=\"flex_column av_two_third  av-animated-generic right-to-left  flex_column_div av-zero-column-padding   avia-builder-el-3  el_after_av_one_third  el_before_av_hr  \" style='border-radius:0px; '><section class=\"av_textblock_section \"  itemscope=\"itemscope\" itemtype=\"https:\/\/schema.org\/CreativeWork\" ><div class='avia_textblock  '   itemprop=\"text\" ><p>Bazujemy na do\u015bwiadczeniu i zapleczu tradycyjnego dostawcy, firmy Kumat. Dodajemy do nich innowacyjne podej\u015bcie do realizacji zam\u00f3wie\u0144 i system IT nowej generacji.<\/p>\n<blockquote>\n<p>Oferujemy inteligentne rozwi\u0105zania o najwy\u017cszej jako\u015bci za bezkonkurencyjn\u0105 cen\u0119. Pod mark\u0105 InterSIGNAL dostarczamy kompleksowe systemy do zabezpieczenia ruchu na liniach kolejowych z wykorzystaniem unikalnego know how.<\/p>\n<\/blockquote>\n<p>Na czeskim rynku jeste\u015bmy przedstawicielami i wprowadzamy systemy oraz poszczeg\u00f3lne komponenty dla infrastruktury kolejowej, pochodz\u0105ce od renomowanych producent\u00f3w zagranicznych<\/p>\n<\/div><\/section><\/div>\n<div  style=' margin-top:55px; margin-bottom:70px;'  class='hr hr-custom hr-center hr-icon-no   avia-builder-el-5  el_after_av_two_third  el_before_av_one_full '><span class='hr-inner  inner-border-av-border-thin' style=' width:100%; border-color:#cccccc;' ><span class='hr-inner-style'><\/span><\/span><\/div>\n<div class=\"flex_column av_one_full  av-animated-generic top-to-bottom  flex_column_div av-zero-column-padding first  avia-builder-el-6  el_after_av_hr  el_before_av_hr  obchodni-zastoupeni \" style='border-radius:0px; '><div  style='padding-bottom:10px; ' class='av-special-heading av-special-heading-h2  blockquote modern-quote  avia-builder-el-7  avia-builder-el-no-sibling  '><h2 class='av-special-heading-tag '  itemprop=\"headline\"  >Pod mark\u0105 INTER<b>Signal<\/b> gwarantujemy Pa\u0144stwu:<\/h2><div class='special-heading-border'><div class='special-heading-inner-border' ><\/div><\/div><\/div><\/div>\n<div  style='height:50px' class='hr hr-invisible   avia-builder-el-8  el_after_av_one_full  el_before_av_one_third '><span class='hr-inner ' ><span class='hr-inner-style'><\/span><\/span><\/div>\n<div class=\"flex_column av_one_third  av-animated-generic left-to-right  flex_column_div av-zero-column-padding first  avia-builder-el-9  el_after_av_hr  el_before_av_one_third  obchodni-zastoupeni mensi \" style='border-radius:0px; '><p><div  class='avia-image-container  av-styling-    avia-builder-el-10  el_before_av_heading  avia-builder-el-first  avia-align-center '  itemprop=\"image\" itemscope=\"itemscope\" itemtype=\"https:\/\/schema.org\/ImageObject\"  ><div class='avia-image-container-inner'><div class='avia-image-overlay-wrap'><img decoding=\"async\" class='wp-image-372 avia-img-lazy-loading-not-372 avia_image' src=\"https:\/\/intersignal.cz\/pl\/wp-content\/uploads\/sites\/4\/2020\/11\/fav2-1.png\" alt='' title='fav2' height=\"385\" width=\"118\"  itemprop=\"thumbnailUrl\" srcset=\"https:\/\/intersignal.cz\/pl\/wp-content\/uploads\/sites\/4\/2020\/11\/fav2-1.png 118w, https:\/\/intersignal.cz\/pl\/wp-content\/uploads\/sites\/4\/2020\/11\/fav2-1-92x300.png 92w\" sizes=\"(max-width: 118px) 100vw, 118px\" \/><\/div><\/div><\/div><br \/>\n<div  style='padding-bottom:10px; ' class='av-special-heading av-special-heading-h4  blockquote modern-quote  avia-builder-el-11  el_after_av_image  avia-builder-el-last  '><h4 class='av-special-heading-tag '  itemprop=\"headline\"  >Rozwi\u0105zania na miar\u0119<\/h4><div class ='av-subheading av-subheading_below  ' style='font-size:15px;'><p>Mamy modu\u0142owy system, kt\u00f3ry przystosuje si\u0119 do Pa\u0144stwa potrzeb<\/p>\n<\/div><div class='special-heading-border'><div class='special-heading-inner-border' ><\/div><\/div><\/div><\/p><\/div>\n<div class=\"flex_column av_one_third  av-animated-generic bottom-to-top  flex_column_div av-zero-column-padding   avia-builder-el-12  el_after_av_one_third  el_before_av_one_third  obchodni-zastoupeni mensi \" style='border-radius:0px; '><p><div  class='avia-image-container  av-styling-    avia-builder-el-13  el_before_av_heading  avia-builder-el-first  avia-align-center '  itemprop=\"image\" itemscope=\"itemscope\" itemtype=\"https:\/\/schema.org\/ImageObject\"  ><div class='avia-image-container-inner'><div class='avia-image-overlay-wrap'><img decoding=\"async\" class='wp-image-372 avia-img-lazy-loading-not-372 avia_image' src=\"https:\/\/intersignal.cz\/pl\/wp-content\/uploads\/sites\/4\/2020\/11\/fav2-1.png\" alt='' title='fav2' height=\"385\" width=\"118\"  itemprop=\"thumbnailUrl\" srcset=\"https:\/\/intersignal.cz\/pl\/wp-content\/uploads\/sites\/4\/2020\/11\/fav2-1.png 118w, https:\/\/intersignal.cz\/pl\/wp-content\/uploads\/sites\/4\/2020\/11\/fav2-1-92x300.png 92w\" sizes=\"(max-width: 118px) 100vw, 118px\" \/><\/div><\/div><\/div><br \/>\n<div  style='padding-bottom:10px; ' class='av-special-heading av-special-heading-h4  blockquote modern-quote  avia-builder-el-14  el_after_av_image  avia-builder-el-last  '><h4 class='av-special-heading-tag '  itemprop=\"headline\"  >Tradycja <span class='special_amp'>&amp;<\/span> do\u015bwiadczenie<\/h4><div class ='av-subheading av-subheading_below  ' style='font-size:15px;'><p>Opieramy si\u0119 o know how za\u0142o\u017cycieli i zaplecze sp\u00f3\u0142ki Kumat<\/p>\n<\/div><div class='special-heading-border'><div class='special-heading-inner-border' ><\/div><\/div><\/div><\/p><\/div>\n<div class=\"flex_column av_one_third  av-animated-generic right-to-left  flex_column_div av-zero-column-padding   avia-builder-el-15  el_after_av_one_third  el_before_av_hr  obchodni-zastoupeni mensi \" style='border-radius:0px; '><p><div  class='avia-image-container  av-styling-    avia-builder-el-16  el_before_av_heading  avia-builder-el-first  avia-align-center '  itemprop=\"image\" itemscope=\"itemscope\" itemtype=\"https:\/\/schema.org\/ImageObject\"  ><div class='avia-image-container-inner'><div class='avia-image-overlay-wrap'><img decoding=\"async\" class='wp-image-372 avia-img-lazy-loading-not-372 avia_image' src=\"https:\/\/intersignal.cz\/pl\/wp-content\/uploads\/sites\/4\/2020\/11\/fav2-1.png\" alt='' title='fav2' height=\"385\" width=\"118\"  itemprop=\"thumbnailUrl\" srcset=\"https:\/\/intersignal.cz\/pl\/wp-content\/uploads\/sites\/4\/2020\/11\/fav2-1.png 118w, https:\/\/intersignal.cz\/pl\/wp-content\/uploads\/sites\/4\/2020\/11\/fav2-1-92x300.png 92w\" sizes=\"(max-width: 118px) 100vw, 118px\" \/><\/div><\/div><\/div><br \/>\n<div  style='padding-bottom:10px; ' class='av-special-heading av-special-heading-h4  blockquote modern-quote  avia-builder-el-17  el_after_av_image  avia-builder-el-last  '><h4 class='av-special-heading-tag '  itemprop=\"headline\"  >Innowacyjne podej\u015bcie<\/h4><div class ='av-subheading av-subheading_below  ' style='font-size:15px;'><p>Wprowadzamy nowoczesne elementy i systemy<\/p>\n<\/div><div class='special-heading-border'><div class='special-heading-inner-border' ><\/div><\/div><\/div><\/p><\/div>\n<div  style=' margin-top:55px; margin-bottom:20px;'  class='hr hr-custom hr-center hr-icon-no   avia-builder-el-18  el_after_av_one_third  el_before_av_two_third '><span class='hr-inner  inner-border-av-border-thin' style=' width:100%; border-color:#cccccc;' ><span class='hr-inner-style'><\/span><\/span><\/div>\n<div class='flex_column_table av-equal-height-column-flextable -flextable' ><div class=\"flex_column av_two_third  av-animated-generic left-to-right  flex_column_table_cell av-equal-height-column av-align-bottom av-zero-column-padding first  avia-builder-el-19  el_after_av_hr  el_before_av_one_third  \" style='border-radius:0px; '><p><div  style='padding-bottom:10px; ' class='av-special-heading av-special-heading-h2  blockquote modern-quote  avia-builder-el-20  el_before_av_textblock  avia-builder-el-first  '><h2 class='av-special-heading-tag '  itemprop=\"headline\"  >Jak pracujemy?<\/h2><div class='special-heading-border'><div class='special-heading-inner-border' ><\/div><\/div><\/div><br \/>\n<section class=\"av_textblock_section \"  itemscope=\"itemscope\" itemtype=\"https:\/\/schema.org\/CreativeWork\" ><div class='avia_textblock  '   itemprop=\"text\" ><p>Jeste\u015bmy zespo\u0142em profesjonalist\u00f3w z\u00a0wieloletnim do\u015bwiadczeniem w zakresie techniki sterowania ruchem kolejowym. Klientom przynosimy nowe podej\u015bcie do rozwi\u0105zywania system\u00f3w sterowania ruchem\u00a0<b>i opieramy si\u0119 na uczciwo\u015bci, precyzji i fachowo\u015bci.<\/b><\/p>\n<\/div><\/section><\/p><\/div>\n<div class='av-flex-placeholder'><\/div><div class=\"flex_column av_one_third  av-animated-generic pop-up  flex_column_table_cell av-equal-height-column av-align-bottom av-zero-column-padding   avia-builder-el-22  el_after_av_two_third  avia-builder-el-last  \" style='border-radius:0px; '><p><div  class='avia-button-wrap avia-button-center  avia-builder-el-23  el_before_av_hr  avia-builder-el-first ' ><a href='https:\/\/intersignal.cz\/pl\/produkty\/' class='avia-button avia-button-fullwidth  avia-font-color-theme-color avia-icon_select-no avia-color-theme-color '   ><span class='avia_iconbox_title' >Przejrze\u0107 nasze produkty<\/span><span class='avia_button_background avia-button avia-button-fullwidth avia-color-theme-color-highlight' ><\/span><\/a><\/div><br \/>\n<div  style='height:25px' class='hr hr-invisible   avia-builder-el-24  el_after_av_button_big  el_before_av_button_big  avia-builder-el-no-sibling '><span class='hr-inner ' ><span class='hr-inner-style'><\/span><\/span><\/div><br \/>\n<div  class='avia-button-wrap avia-button-center  avia-builder-el-25  el_after_av_hr  avia-builder-el-last ' ><a href='https:\/\/intersignal.cz\/pl\/uslugi\/' class='avia-button avia-button-fullwidth  avia-font-color-theme-color avia-icon_select-no avia-color-theme-color '   ><span class='avia_iconbox_title' >Zapozna\u0107 si\u0119 z naszymi us\u0142ugami<\/span><span class='avia_button_background avia-button avia-button-fullwidth avia-color-theme-color-highlight' ><\/span><\/a><\/div><\/p><\/div><\/div><!--close column table wrapper. Autoclose: 1 -->\n","protected":false},"excerpt":{"rendered":"","protected":false},"author":1,"featured_media":0,"parent":0,"menu_order":0,"comment_status":"closed","ping_status":"closed","template":"","meta":{"footnotes":""},"class_list":["post-7","page","type-page","status-publish","hentry"],"_links":{"self":[{"href":"https:\/\/intersignal.cz\/pl\/wp-json\/wp\/v2\/pages\/7","targetHints":{"allow":["GET"]}}],"collection":[{"href":"https:\/\/intersignal.cz\/pl\/wp-json\/wp\/v2\/pages"}],"about":[{"href":"https:\/\/intersignal.cz\/pl\/wp-json\/wp\/v2\/types\/page"}],"author":[{"embeddable":true,"href":"https:\/\/intersignal.cz\/pl\/wp-json\/wp\/v2\/users\/1"}],"replies":[{"embeddable":true,"href":"https:\/\/intersignal.cz\/pl\/wp-json\/wp\/v2\/comments?post=7"}],"version-history":[{"count":15,"href":"https:\/\/intersignal.cz\/pl\/wp-json\/wp\/v2\/pages\/7\/revisions"}],"predecessor-version":[{"id":443,"href":"https:\/\/intersignal.cz\/pl\/wp-json\/wp\/v2\/pages\/7\/revisions\/443"}],"wp:attachment":[{"href":"https:\/\/intersignal.cz\/pl\/wp-json\/wp\/v2\/media?parent=7"}],"curies":[{"name":"wp","href":"https:\/\/api.w.org\/{rel}","templated":true}]}}