{"id":94,"date":"2020-11-14T12:42:01","date_gmt":"2020-11-14T11:42:01","guid":{"rendered":"http:\/\/intersignal.cz\/pl\/?page_id=94"},"modified":"2021-03-24T19:37:55","modified_gmt":"2021-03-24T18:37:55","slug":"uslugi","status":"publish","type":"page","link":"https:\/\/intersignal.cz\/pl\/uslugi\/","title":{"rendered":"Uslugi"},"content":{"rendered":"<div id='pages'  class='avia-fullwidth-slider main_color avia-shadow   avia-builder-el-0  el_before_av_one_third  avia-builder-el-first   container_wrap fullsize' style=' '  ><div   data-size='featured'  data-lightbox_size='large'  data-animation='slide'  data-conditional_play=''  data-ids='308'  data-video_counter='0'  data-autoplay='false'  data-bg_slider='false'  data-slide_height=''  data-handle='av_slideshow_full'  data-interval='5'  data-class=' '  data-el_id=''  data-css_id=''  data-scroll_down=''  data-control_layout='av-control-default'  data-custom_markup=''  data-perma_caption=''  data-autoplay_stopper=''  data-image_attachment=''  data-min_height=''  data-lazy_loading='disabled'  data-src=''  data-position='top left'  data-repeat='no-repeat'  data-attach='scroll'  data-stretch=''  data-default-height='28.666666666667'  class='avia-slideshow avia-slideshow-1  av-control-default av-default-height-applied avia-slideshow-featured av_slideshow_full   avia-slide-slider '  itemprop=\"image\" itemscope=\"itemscope\" itemtype=\"https:\/\/schema.org\/ImageObject\" ><ul class='avia-slideshow-inner ' style='padding-bottom: 33.59375%;' ><li  class=' av-single-slide slide-1 ' ><div data-rel='slideshow-1' class='avia-slide-wrap '   ><div class = \"caption_fullwidth av-slideshow-caption caption_bottom\"><div class = \"container caption_container\"><div class = \"slideshow_caption\"><div class = \"slideshow_inner_caption\"><div class = \"slideshow_align_caption\"><h2  class='avia-caption-title  '  itemprop=\"name\" >US\u0141UGI<\/h2><div class='avia-caption-content  '  itemprop=\"description\"  ><p>Zadbamy o bezpiecze\u0144stwo Pa\u0144stwa kolei<\/p>\n<\/div><\/div><\/div><\/div><\/div><\/div><img decoding=\"async\" class=\"wp-image-308 avia-img-lazy-loading-not-308\"  src=\"https:\/\/intersignal.cz\/pl\/wp-content\/uploads\/sites\/4\/2020\/11\/HIMA_Productshot_COTS_verlauf-HIMax-1-1280x430.jpg\" width=\"1280\" height=\"430\" title='HIMA_Productshot_COTS_verlauf HIMax' alt=''  itemprop=\"thumbnailUrl\"   \/><\/div><\/li><\/ul><\/div><\/div><div id='after_full_slider_1'  class='main_color av_default_container_wrap container_wrap fullsize' style=' '  ><div class='container' ><div class='template-page content  av-content-full alpha units'><div class='post-entry post-entry-type-page post-entry-94'><div class='entry-content-wrapper clearfix'>\n<div class=\"flex_column av_one_third  av-animated-generic pop-up  flex_column_div av-zero-column-padding first  avia-builder-el-1  el_after_av_slideshow_full  el_before_av_one_third  avia-builder-el-first  \" style='border-radius:0px; '><p><div  style='padding-bottom:10px; ' class='av-special-heading av-special-heading-h2  blockquote modern-quote  avia-builder-el-2  el_before_av_hr  avia-builder-el-first  av-thin-font '><h2 class='av-special-heading-tag '  itemprop=\"headline\"  >INTER<strong>Signal<\/strong><br \/> oferuje nast\u0119puj\u0105ce us\u0142ugi<\/h2><div class='special-heading-border'><div class='special-heading-inner-border' ><\/div><\/div><\/div><br \/>\n<div  style='height:30px' class='hr hr-invisible   avia-builder-el-3  el_after_av_heading  el_before_av_button '><span class='hr-inner ' ><span class='hr-inner-style'><\/span><\/span><\/div><br \/>\n<div  class='avia-button-wrap avia-button-left  avia-builder-el-4  el_after_av_hr  avia-builder-el-last ' ><a href='https:\/\/intersignal.cz\/pl\/kontakty\/'  class='avia-button  avia-color-theme-color   avia-icon_select-no avia-size-small avia-position-left '   ><span class='avia_iconbox_title' >Zamawia\u0107 rozwi\u0105zania na miar\u0119<\/span><\/a><\/div><\/p><\/div>\n<div class=\"flex_column av_one_third  av-animated-generic right-to-left  flex_column_div av-zero-column-padding   avia-builder-el-5  el_after_av_one_third  el_before_av_one_third  \" style='border-radius:0px; '><p><div  style='padding-bottom:10px; ' class='av-special-heading av-special-heading-h5  blockquote modern-quote  avia-builder-el-6  el_before_av_heading  avia-builder-el-first  float-left display-inline '><h5 class='av-special-heading-tag '  itemprop=\"headline\"  >Rozw\u00f3j bezpiecznego SW na platformie HIMA na zam\u00f3wienie<\/h5><div class='special-heading-border'><div class='special-heading-inner-border' ><\/div><\/div><\/div><br \/>\n<div  style='padding-bottom:10px; ' class='av-special-heading av-special-heading-h5  blockquote modern-quote  avia-builder-el-7  el_after_av_heading  el_before_av_heading  float-left display-inline '><h5 class='av-special-heading-tag '  itemprop=\"headline\"  >Dostawy system\u00f3w sterowania<\/h5><div class='special-heading-border'><div class='special-heading-inner-border' ><\/div><\/div><\/div><br \/>\n<div  style='padding-bottom:10px; ' class='av-special-heading av-special-heading-h5  blockquote modern-quote  avia-builder-el-8  el_after_av_heading  el_before_av_heading  float-left display-inline '><h5 class='av-special-heading-tag '  itemprop=\"headline\"  >Doradztwo w zakresie urz\u0105dze\u0144 sterowania ruchem kolejowym, blokad liniowych i samoczynnych sygnalizacji przejazdowych<\/h5><div class='special-heading-border'><div class='special-heading-inner-border' ><\/div><\/div><\/div><br \/>\n<div  style='padding-bottom:10px; ' class='av-special-heading av-special-heading-h5  blockquote modern-quote  avia-builder-el-9  el_after_av_heading  avia-builder-el-last  float-left display-inline '><h5 class='av-special-heading-tag '  itemprop=\"headline\"  >Dokumentacje projektowe o stopniach projektu budowlanego, projektu wykonawczego oraz dokumentacji powykonawczej<\/h5><div class='special-heading-border'><div class='special-heading-inner-border' ><\/div><\/div><\/div><\/p><\/div>\n<div class=\"flex_column av_one_third  av-animated-generic right-to-left  flex_column_div av-zero-column-padding   avia-builder-el-10  el_after_av_one_third  el_before_av_hr  \" style='border-radius:0px; '><p><div  style='padding-bottom:10px; ' class='av-special-heading av-special-heading-h5  blockquote modern-quote  avia-builder-el-11  el_before_av_heading  avia-builder-el-first  float-left display-inline '><h5 class='av-special-heading-tag '  itemprop=\"headline\"  >Realizacja inwestycji zwi\u0105zanych z rewitalizacj\u0105 i modernizacj\u0105 infrastruktury kolejowej i urz\u0105dze\u0144 sterowania ruchem kolejowym<\/h5><div class='special-heading-border'><div class='special-heading-inner-border' ><\/div><\/div><\/div><br \/>\n<div  style='padding-bottom:10px; ' class='av-special-heading av-special-heading-h5  blockquote modern-quote  avia-builder-el-12  el_after_av_heading  el_before_av_heading  float-left display-inline '><h5 class='av-special-heading-tag '  itemprop=\"headline\"  >Dostawy element\u00f3w infrastruktury zewn\u0119trznej, nap\u0119d\u00f3w zwrotnicowych, sygnalizator\u00f3w, licznik\u00f3w osi itp.<\/h5><div class='special-heading-border'><div class='special-heading-inner-border' ><\/div><\/div><\/div><br \/>\n<div  style='padding-bottom:10px; ' class='av-special-heading av-special-heading-h5  blockquote modern-quote  avia-builder-el-13  el_after_av_heading  el_before_av_heading  float-left display-inline '><h5 class='av-special-heading-tag '  itemprop=\"headline\"  >Studia, koncepcje wykonalno\u015bci, projekty rozwi\u0105za\u0144<\/h5><div class='special-heading-border'><div class='special-heading-inner-border' ><\/div><\/div><\/div><br \/>\n<div  style='padding-bottom:10px; ' class='av-special-heading av-special-heading-h5  blockquote modern-quote  avia-builder-el-14  el_after_av_heading  avia-builder-el-last  float-left display-inline '><h5 class='av-special-heading-tag '  itemprop=\"headline\"  >Realizacja prac naprawczych<\/h5><div class='special-heading-border'><div class='special-heading-inner-border' ><\/div><\/div><\/div><\/p><\/div>\n<div  style=' margin-top:55px; margin-bottom:70px;'  class='hr hr-custom hr-center hr-icon-no   avia-builder-el-15  el_after_av_one_third  el_before_av_two_third '><span class='hr-inner  inner-border-av-border-thin' style=' width:100%; border-color:#cccccc;' ><span class='hr-inner-style'><\/span><\/span><\/div>\n<div class=\"flex_column av_two_third  av-animated-generic left-to-right  flex_column_div av-zero-column-padding first  avia-builder-el-16  el_after_av_hr  el_before_av_one_third  \" style='border-radius:0px; '><p><div  style='padding-bottom:10px; ' class='av-special-heading av-special-heading-h3  blockquote modern-quote  avia-builder-el-17  el_before_av_hr  avia-builder-el-first  '><h3 class='av-special-heading-tag '  itemprop=\"headline\"  >Projektujemy bezpieczny software<\/h3><div class='special-heading-border'><div class='special-heading-inner-border' ><\/div><\/div><\/div><br \/>\n<div  style='height:50px' class='hr hr-invisible   avia-builder-el-18  el_after_av_heading  el_before_av_textblock '><span class='hr-inner ' ><span class='hr-inner-style'><\/span><\/span><\/div><br \/>\n<section class=\"av_textblock_section \"  itemscope=\"itemscope\" itemtype=\"https:\/\/schema.org\/CreativeWork\" ><div class='avia_textblock  '   itemprop=\"text\" ><p><strong>100% bezpiecze\u0144stwa wszystkich rozwi\u0105za\u0144<\/strong> jest u nas na pierwszym miejscu. Projektujemy software wed\u0142ug standard\u00f3w zdefiniowanych w <a href=\"http:\/\/www.technicke-normy-csn.cz\/342670-csn-en-50128_4_63221.html\" target=\"_blank\" rel=\"noopener\">EN 50128<\/a> do projektowania SW ze stopniem integralno\u015bci bezpiecze\u0144stwa <a href=\"http:\/\/sil4systems.com\/\" target=\"_blank\" rel=\"noopener\">SIL4<\/a>.<\/p>\n<p>Do projektowania wykorzystujemy narz\u0119dzie programowe <a href=\"https:\/\/www.hima.com\/en\/products-services\/silworx\" target=\"_blank\" rel=\"noopener\">SILworX<\/a>, przeznaczone do programowania safety PLC produkcji HIMA. SILworX jest SW, kt\u00f3re zalicza si\u0119 do narz\u0119dzi klasy T3 zgodnie z EN 50128 i je certyfikowane przez TUV Sud razem z safety <a href=\"https:\/\/www.hima.com\/\" target=\"_blank\" rel=\"noopener\">PLC HIMA<\/a>.<\/p>\n<\/div><\/section><\/p><\/div>\n<div class=\"flex_column av_one_third  av-animated-generic pop-up  flex_column_div av-zero-column-padding   avia-builder-el-20  el_after_av_two_third  el_before_av_hr  \" style='border-radius:0px; '><div  class='avia-gallery  avia-gallery-1 avia_lazyload avia-gallery-animate avia_animate_when_visible  avia-builder-el-21  avia-builder-el-no-sibling '  itemprop=\"image\" itemscope=\"itemscope\" itemtype=\"https:\/\/schema.org\/ImageObject\" ><div class='avia-gallery-thumb'> <a href='https:\/\/intersignal.cz\/pl\/wp-content\/uploads\/sites\/4\/2020\/11\/SIL-2-blue-4-160x160-1.png' data-rel='gallery-1' data-prev-img='https:\/\/intersignal.cz\/pl\/wp-content\/uploads\/sites\/4\/2020\/11\/SIL-2-blue-4-160x160-1.png' class='first_thumb custom_link aviaopeninbrowser noLightbox aviablank ' data-onclick='1' title='SIL-2-blue-4-160x160'  itemprop=\"thumbnailUrl\"  rel=\"noopener noreferrer\"><img decoding=\"async\" class=\"wp-image-291 avia-img-lazy-loading-not-291\"   src=\"https:\/\/intersignal.cz\/pl\/wp-content\/uploads\/sites\/4\/2020\/11\/SIL-2-blue-4-160x160-1.png\" width=\"160\" height=\"160\"  title='SIL-2-blue-4-160x160' alt='' srcset=\"https:\/\/intersignal.cz\/pl\/wp-content\/uploads\/sites\/4\/2020\/11\/SIL-2-blue-4-160x160-1.png 160w, https:\/\/intersignal.cz\/pl\/wp-content\/uploads\/sites\/4\/2020\/11\/SIL-2-blue-4-160x160-1-80x80.png 80w, https:\/\/intersignal.cz\/pl\/wp-content\/uploads\/sites\/4\/2020\/11\/SIL-2-blue-4-160x160-1-36x36.png 36w\" sizes=\"(max-width: 160px) 100vw, 160px\" \/><\/a> <a href='https:\/\/intersignal.cz\/pl\/wp-content\/uploads\/sites\/4\/2020\/11\/hima.png' data-rel='gallery-1' data-prev-img='https:\/\/intersignal.cz\/pl\/wp-content\/uploads\/sites\/4\/2020\/11\/hima.png' class='custom_link aviaopeninbrowser noLightbox aviablank ' data-onclick='2' title='hima'  itemprop=\"thumbnailUrl\"  rel=\"noopener noreferrer\"><img decoding=\"async\" class=\"wp-image-164 avia-img-lazy-loading-not-164\"   src=\"https:\/\/intersignal.cz\/pl\/wp-content\/uploads\/sites\/4\/2020\/11\/hima.png\" width=\"220\" height=\"220\"  title='hima' alt='' srcset=\"https:\/\/intersignal.cz\/pl\/wp-content\/uploads\/sites\/4\/2020\/11\/hima.png 220w, https:\/\/intersignal.cz\/pl\/wp-content\/uploads\/sites\/4\/2020\/11\/hima-80x80.png 80w, https:\/\/intersignal.cz\/pl\/wp-content\/uploads\/sites\/4\/2020\/11\/hima-36x36.png 36w, https:\/\/intersignal.cz\/pl\/wp-content\/uploads\/sites\/4\/2020\/11\/hima-180x180.png 180w\" sizes=\"(max-width: 220px) 100vw, 220px\" \/><\/a><\/div><\/div><\/div>\n<div  style=' margin-top:55px; margin-bottom:70px;'  class='hr hr-custom hr-center hr-icon-no   avia-builder-el-22  el_after_av_one_third  el_before_av_heading '><span class='hr-inner  inner-border-av-border-thin' style=' width:100%; border-color:#cccccc;' ><span class='hr-inner-style'><\/span><\/span><\/div>\n<div  style='padding-bottom:10px; ' class='av-special-heading av-special-heading-h3  blockquote modern-quote  avia-builder-el-23  el_after_av_hr  el_before_av_two_third  '><h3 class='av-special-heading-tag '  itemprop=\"headline\"  >Projektujemy i produkujemy nowe rozwi\u0105zania system\u00f3w sterowania ruchem kolejowym<\/h3><div class='special-heading-border'><div class='special-heading-inner-border' ><\/div><\/div><\/div>\n<div class=\"flex_column av_two_third  flex_column_div av-zero-column-padding first  avia-builder-el-24  el_after_av_heading  avia-builder-el-last  \" style='border-radius:0px; '><p><div  style='height:50px' class='hr hr-invisible   avia-builder-el-25  el_before_av_textblock  avia-builder-el-first '><span class='hr-inner ' ><span class='hr-inner-style'><\/span><\/span><\/div><br \/>\n<section class=\"av_textblock_section \"  itemscope=\"itemscope\" itemtype=\"https:\/\/schema.org\/CreativeWork\" ><div class='avia_textblock  '   itemprop=\"text\" ><p>Projektujemy cz\u0119\u015bci albo ca\u0142e komplety urz\u0105dze\u0144 sterowania ruchem kolejowym wed\u0142ug standard\u00f3w norm <a href=\"http:\/\/www.technicke-normy-csn.cz\/342675-csn-en-50129_4_68996.html\" target=\"_blank\" rel=\"noopener\">EN 50129<\/a>, <a href=\"http:\/\/www.technicke-normy-csn.cz\/333502-csn-en-50126-1_4_59709.html\" target=\"_blank\" rel=\"noopener\">EN 50126-1<\/a>, <a href=\"http:\/\/www.technicke-normy-csn.cz\/333502-csn-en-50126-2_4_505164.html\" target=\"_blank\" rel=\"noopener\">EN 50126-2<\/a>. Projekt od pocz\u0105tku opieramy na urz\u0105dzeniach o stopniu SIL4.<\/p>\n<p>Wszystkie projektowane produkty wprowadzamy kolejno do praktyki i w ten spos\u00f3b nieustannie ulepszamy portfolio oferowanych urz\u0105dze\u0144 zabezpieczaj\u0105cych i us\u0142ug.<\/p>\n<\/div><\/section><br \/>\n<div  style='height:50px' class='hr hr-invisible   avia-builder-el-27  el_after_av_textblock  el_before_av_button '><span class='hr-inner ' ><span class='hr-inner-style'><\/span><\/span><\/div><br \/>\n<div  class='avia-button-wrap avia-button-left  avia-builder-el-28  el_after_av_hr  avia-builder-el-last ' ><a href='https:\/\/intersignal.cz\/pl\/kontakty\/'  class='avia-button  avia-color-theme-color   avia-icon_select-no avia-size-small avia-position-left '   ><span class='avia_iconbox_title' >Maj\u0105 Pa\u0144stwo pytania? Prosimy skontaktowa\u0107 si\u0119 z nami<\/span><\/a><\/div><\/p><\/div>\n","protected":false},"excerpt":{"rendered":"","protected":false},"author":2,"featured_media":0,"parent":0,"menu_order":0,"comment_status":"closed","ping_status":"closed","template":"","meta":{"footnotes":""},"class_list":["post-94","page","type-page","status-publish","hentry"],"_links":{"self":[{"href":"https:\/\/intersignal.cz\/pl\/wp-json\/wp\/v2\/pages\/94","targetHints":{"allow":["GET"]}}],"collection":[{"href":"https:\/\/intersignal.cz\/pl\/wp-json\/wp\/v2\/pages"}],"about":[{"href":"https:\/\/intersignal.cz\/pl\/wp-json\/wp\/v2\/types\/page"}],"author":[{"embeddable":true,"href":"https:\/\/intersignal.cz\/pl\/wp-json\/wp\/v2\/users\/2"}],"replies":[{"embeddable":true,"href":"https:\/\/intersignal.cz\/pl\/wp-json\/wp\/v2\/comments?post=94"}],"version-history":[{"count":23,"href":"https:\/\/intersignal.cz\/pl\/wp-json\/wp\/v2\/pages\/94\/revisions"}],"predecessor-version":[{"id":444,"href":"https:\/\/intersignal.cz\/pl\/wp-json\/wp\/v2\/pages\/94\/revisions\/444"}],"wp:attachment":[{"href":"https:\/\/intersignal.cz\/pl\/wp-json\/wp\/v2\/media?parent=94"}],"curies":[{"name":"wp","href":"https:\/\/api.w.org\/{rel}","templated":true}]}}